{"id":4055,"date":"2026-01-25T09:30:22","date_gmt":"2026-01-25T09:30:22","guid":{"rendered":"https:\/\/mockfest.pt\/?page_id=4055"},"modified":"2026-04-27T11:11:00","modified_gmt":"2026-04-27T11:11:00","slug":"promotor","status":"publish","type":"page","link":"https:\/\/mockfest.pt\/en\/promotor\/","title":{"rendered":"Promoter"},"content":{"rendered":"<div data-elementor-type=\"wp-page\" data-elementor-id=\"4055\" class=\"elementor elementor-4055\" data-elementor-settings=\"{&quot;ha_cmc_init_switcher&quot;:&quot;no&quot;}\" data-elementor-post-type=\"page\">\n\t\t\t\t<div class=\"elementor-element elementor-element-033c7d5 e-flex e-con-boxed e-con e-parent\" data-id=\"033c7d5\" data-element_type=\"container\" data-settings=\"{&quot;_ha_eqh_enable&quot;:false}\">\n\t\t\t\t\t<div class=\"e-con-inner\">\n\t\t<div class=\"elementor-element elementor-element-e5d7755 e-flex e-con-boxed e-con e-child\" data-id=\"e5d7755\" data-element_type=\"container\" data-settings=\"{&quot;_ha_eqh_enable&quot;:false}\">\n\t\t\t\t\t<div class=\"e-con-inner\">\n\t\t<div class=\"elementor-element elementor-element-c53e8f8 e-con-full e-flex e-con e-child\" data-id=\"c53e8f8\" data-element_type=\"container\" data-settings=\"{&quot;_ha_eqh_enable&quot;:false}\">\n\t\t\t\t<div class=\"elementor-element elementor-element-2e1395d animated-slow elementor-invisible elementor-widget elementor-widget-text-editor\" data-id=\"2e1395d\" data-element_type=\"widget\" data-settings=\"{&quot;_animation&quot;:&quot;fadeIn&quot;}\" data-widget_type=\"text-editor.default\">\n\t\t\t\t<div class=\"elementor-widget-container\">\n\t\t\t\t\t\t\t\t\t<p>Promoter<\/p>\t\t\t\t\t\t\t\t<\/div>\n\t\t\t\t<\/div>\n\t\t\t\t<\/div>\n\t\t<div class=\"elementor-element elementor-element-e791724 e-con-full elementor-hidden-mobile e-flex elementor-invisible e-con e-child\" data-id=\"e791724\" data-element_type=\"container\" data-settings=\"{&quot;background_background&quot;:&quot;classic&quot;,&quot;animation&quot;:&quot;fadeInRight&quot;,&quot;_ha_eqh_enable&quot;:false}\">\n\t\t\t\t<div class=\"elementor-element elementor-element-6ac3401 elementor-widget elementor-widget-spacer\" data-id=\"6ac3401\" data-element_type=\"widget\" data-widget_type=\"spacer.default\">\n\t\t\t\t<div class=\"elementor-widget-container\">\n\t\t\t\t\t\t\t<div class=\"elementor-spacer\">\n\t\t\t<div class=\"elementor-spacer-inner\"><\/div>\n\t\t<\/div>\n\t\t\t\t\t\t<\/div>\n\t\t\t\t<\/div>\n\t\t\t\t<\/div>\n\t\t\t\t\t<\/div>\n\t\t\t\t<\/div>\n\t\t\t\t\t<\/div>\n\t\t\t\t<\/div>\n\t\t<div class=\"elementor-element elementor-element-f295679 e-flex e-con-boxed e-con e-parent\" data-id=\"f295679\" data-element_type=\"container\" data-settings=\"{&quot;_ha_eqh_enable&quot;:false}\">\n\t\t\t\t\t<div class=\"e-con-inner\">\n\t\t<div class=\"elementor-element elementor-element-4520c8f e-con-full e-flex e-con e-child\" data-id=\"4520c8f\" data-element_type=\"container\" data-settings=\"{&quot;background_background&quot;:&quot;classic&quot;,&quot;_ha_eqh_enable&quot;:false}\">\n\t\t<div class=\"elementor-element elementor-element-4de7b22 e-con-full e-flex e-con e-child\" data-id=\"4de7b22\" data-element_type=\"container\" data-settings=\"{&quot;_ha_eqh_enable&quot;:false}\">\n\t\t\t\t<div class=\"elementor-element elementor-element-ef2cba3 elementor-invisible elementor-widget elementor-widget-image\" data-id=\"ef2cba3\" data-element_type=\"widget\" data-settings=\"{&quot;_animation&quot;:&quot;fadeIn&quot;}\" data-widget_type=\"image.default\">\n\t\t\t\t<div class=\"elementor-widget-container\">\n\t\t\t\t\t\t\t\t\t\t\t\t\t\t\t<img fetchpriority=\"high\" decoding=\"async\" width=\"740\" height=\"384\" src=\"https:\/\/mockfest.pt\/wp-content\/uploads\/2026\/01\/Group-32.png\" class=\"attachment-full size-full wp-image-4057\" alt=\"\" srcset=\"https:\/\/mockfest.pt\/wp-content\/uploads\/2026\/01\/Group-32.png 740w, https:\/\/mockfest.pt\/wp-content\/uploads\/2026\/01\/Group-32-300x156.png 300w, https:\/\/mockfest.pt\/wp-content\/uploads\/2026\/01\/Group-32-18x9.png 18w\" sizes=\"(max-width: 740px) 100vw, 740px\" \/>\t\t\t\t\t\t\t\t\t\t\t\t\t\t\t<\/div>\n\t\t\t\t<\/div>\n\t\t\t\t<\/div>\n\t\t<div class=\"elementor-element elementor-element-fb6f857 e-con-full e-flex e-con e-child\" data-id=\"fb6f857\" data-element_type=\"container\" data-settings=\"{&quot;_ha_eqh_enable&quot;:false}\">\n\t\t\t\t<div class=\"elementor-element elementor-element-6549294 elementor-invisible elementor-widget elementor-widget-text-editor\" data-id=\"6549294\" data-element_type=\"widget\" data-settings=\"{&quot;_animation&quot;:&quot;fadeIn&quot;}\" data-widget_type=\"text-editor.default\">\n\t\t\t\t<div class=\"elementor-widget-container\">\n\t\t\t\t\t\t\t\t\t<p>Kilt is an artist agency responsible for managing the careers of D\u00e1rio Guerreiro, Diogo Bat\u00e1guas, Guilherme Geirinhas, Rodrigo Correia, Luana do Bem, Manel Rosa, Tiago Almeida, and V\u00edtor S\u00e1.\u00a0<\/p><p>At the same time, it is a reference in audiovisual production, being responsible for media and viral content such as 'O Resto da Tua Vida,' 'Vai Correr Tudo Bem,' 'Relat\u00f3rio DB,' 'Clube Da Felicidade,' 'Bom Partido,' and 'Conte\u00fado do Bat\u00e1guas\".\u00a0<\/p><p>As an event producer, it is a true all-rounder, presenting shows for 60 or 6,000 people. The Worten Mock Fest is its first festival.<\/p>\t\t\t\t\t\t\t\t<\/div>\n\t\t\t\t<\/div>\n\t\t\t\t<\/div>\n\t\t\t\t<\/div>\n\t\t\t\t\t<\/div>\n\t\t\t\t<\/div>\n\t\t<div class=\"elementor-element elementor-element-926468f e-flex e-con-boxed e-con e-parent\" data-id=\"926468f\" data-element_type=\"container\" data-settings=\"{&quot;_ha_eqh_enable&quot;:false}\">\n\t\t\t\t\t<div class=\"e-con-inner\">\n\t\t<div class=\"elementor-element elementor-element-b2ca3b6 e-flex e-con-boxed e-con e-child\" data-id=\"b2ca3b6\" data-element_type=\"container\" data-settings=\"{&quot;background_background&quot;:&quot;classic&quot;,&quot;_ha_eqh_enable&quot;:false}\">\n\t\t\t\t\t<div class=\"e-con-inner\">\n\t\t<div class=\"elementor-element elementor-element-9e66937 e-con-full e-flex e-con e-child\" data-id=\"9e66937\" data-element_type=\"container\" data-settings=\"{&quot;background_background&quot;:&quot;classic&quot;,&quot;_ha_eqh_enable&quot;:false}\">\n\t\t\t\t<div class=\"elementor-element elementor-element-502cd61 elementor-widget elementor-widget-spacer\" data-id=\"502cd61\" data-element_type=\"widget\" data-widget_type=\"spacer.default\">\n\t\t\t\t<div class=\"elementor-widget-container\">\n\t\t\t\t\t\t\t<div class=\"elementor-spacer\">\n\t\t\t<div class=\"elementor-spacer-inner\"><\/div>\n\t\t<\/div>\n\t\t\t\t\t\t<\/div>\n\t\t\t\t<\/div>\n\t\t\t\t<\/div>\n\t\t<div class=\"elementor-element elementor-element-e767929 e-con-full e-flex e-con e-child\" data-id=\"e767929\" data-element_type=\"container\" data-settings=\"{&quot;_ha_eqh_enable&quot;:false}\">\n\t\t\t\t<div class=\"elementor-element elementor-element-97523c8 elementor-widget elementor-widget-spacer\" data-id=\"97523c8\" data-element_type=\"widget\" data-widget_type=\"spacer.default\">\n\t\t\t\t<div class=\"elementor-widget-container\">\n\t\t\t\t\t\t\t<div class=\"elementor-spacer\">\n\t\t\t<div class=\"elementor-spacer-inner\"><\/div>\n\t\t<\/div>\n\t\t\t\t\t\t<\/div>\n\t\t\t\t<\/div>\n\t\t\t\t<\/div>\n\t\t\t\t\t<\/div>\n\t\t\t\t<\/div>\n\t\t\t\t\t<\/div>\n\t\t\t\t<\/div>\n\t\t<div class=\"elementor-element elementor-element-53d40b8 e-flex e-con-boxed e-con e-parent\" data-id=\"53d40b8\" data-element_type=\"container\" data-settings=\"{&quot;_ha_eqh_enable&quot;:false}\">\n\t\t\t\t\t<div class=\"e-con-inner\">\n\t\t<div data-ha-element-link=\"{&quot;url&quot;:&quot;https:\\\/\\\/mockfest.pt\\\/en\\\/sobre-o-festival\\\/&quot;,&quot;is_external&quot;:&quot;&quot;,&quot;nofollow&quot;:&quot;&quot;}\" style=\"cursor: pointer\" class=\"elementor-element elementor-element-de5617f e-con-full animated-slow e-flex e-con e-child\" data-id=\"de5617f\" data-element_type=\"container\" data-settings=\"{&quot;animation&quot;:&quot;none&quot;,&quot;_ha_eqh_enable&quot;:false}\">\n\t\t<div class=\"elementor-element elementor-element-05b2e71 e-con-full e-flex e-con e-child\" data-id=\"05b2e71\" data-element_type=\"container\" data-settings=\"{&quot;_ha_eqh_enable&quot;:false}\">\n\t\t\t\t<div class=\"elementor-element elementor-element-4639093 elementor-widget elementor-widget-heading\" data-id=\"4639093\" data-element_type=\"widget\" data-widget_type=\"heading.default\">\n\t\t\t\t<div class=\"elementor-widget-container\">\n\t\t\t\t\t<h2 class=\"elementor-heading-title elementor-size-default\">About the Festival<\/h2>\t\t\t\t<\/div>\n\t\t\t\t<\/div>\n\t\t\t\t<\/div>\n\t\t<div class=\"elementor-element elementor-element-05aab88 e-con-full e-flex e-con e-child\" data-id=\"05aab88\" data-element_type=\"container\" data-settings=\"{&quot;_ha_eqh_enable&quot;:false}\">\n\t\t\t\t<div class=\"elementor-element elementor-element-b0017be elementor-view-default elementor-widget elementor-widget-icon\" data-id=\"b0017be\" data-element_type=\"widget\" data-widget_type=\"icon.default\">\n\t\t\t\t<div class=\"elementor-widget-container\">\n\t\t\t\t\t\t\t<div class=\"elementor-icon-wrapper\">\n\t\t\t<div class=\"elementor-icon\">\n\t\t\t<svg xmlns=\"http:\/\/www.w3.org\/2000\/svg\" width=\"56\" height=\"49\" viewbox=\"0 0 56 49\" fill=\"none\"><path d=\"M31.3368 49L24.4698 41.9863L36.753 29.5922H0V19.4078H36.753L24.4698 7.01373L31.3368 0L56 24.5L31.3368 49Z\" fill=\"black\"><\/path><\/svg>\t\t\t<\/div>\n\t\t<\/div>\n\t\t\t\t\t\t<\/div>\n\t\t\t\t<\/div>\n\t\t\t\t<\/div>\n\t\t\t\t<\/div>\n\t\t<div data-ha-element-link=\"{&quot;url&quot;:&quot;https:\\\/\\\/mockfest.pt\\\/en\\\/localizacao\\\/&quot;,&quot;is_external&quot;:&quot;&quot;,&quot;nofollow&quot;:&quot;&quot;}\" style=\"cursor: pointer\" class=\"elementor-element elementor-element-3abc483 e-con-full animated-slow e-flex e-con e-child\" data-id=\"3abc483\" data-element_type=\"container\" data-settings=\"{&quot;animation&quot;:&quot;none&quot;,&quot;_ha_eqh_enable&quot;:false}\">\n\t\t<div class=\"elementor-element elementor-element-b9718fb e-con-full e-flex e-con e-child\" data-id=\"b9718fb\" data-element_type=\"container\" data-settings=\"{&quot;_ha_eqh_enable&quot;:false}\">\n\t\t\t\t<div class=\"elementor-element elementor-element-708c87e elementor-widget elementor-widget-heading\" data-id=\"708c87e\" data-element_type=\"widget\" data-widget_type=\"heading.default\">\n\t\t\t\t<div class=\"elementor-widget-container\">\n\t\t\t\t\t<h2 class=\"elementor-heading-title elementor-size-default\">Location<\/h2>\t\t\t\t<\/div>\n\t\t\t\t<\/div>\n\t\t\t\t<\/div>\n\t\t<div class=\"elementor-element elementor-element-d416a23 e-con-full e-flex e-con e-child\" data-id=\"d416a23\" data-element_type=\"container\" data-settings=\"{&quot;_ha_eqh_enable&quot;:false}\">\n\t\t\t\t<div class=\"elementor-element elementor-element-6f67459 elementor-view-default elementor-widget elementor-widget-icon\" data-id=\"6f67459\" data-element_type=\"widget\" data-widget_type=\"icon.default\">\n\t\t\t\t<div class=\"elementor-widget-container\">\n\t\t\t\t\t\t\t<div class=\"elementor-icon-wrapper\">\n\t\t\t<div class=\"elementor-icon\">\n\t\t\t<svg xmlns=\"http:\/\/www.w3.org\/2000\/svg\" width=\"56\" height=\"49\" viewbox=\"0 0 56 49\" fill=\"none\"><path d=\"M31.3368 49L24.4698 41.9863L36.753 29.5922H0V19.4078H36.753L24.4698 7.01373L31.3368 0L56 24.5L31.3368 49Z\" fill=\"black\"><\/path><\/svg>\t\t\t<\/div>\n\t\t<\/div>\n\t\t\t\t\t\t<\/div>\n\t\t\t\t<\/div>\n\t\t\t\t<\/div>\n\t\t\t\t<\/div>\n\t\t<div data-ha-element-link=\"{&quot;url&quot;:&quot;https:\\\/\\\/mockfest.pt\\\/en\\\/parceiros\\\/&quot;,&quot;is_external&quot;:&quot;&quot;,&quot;nofollow&quot;:&quot;&quot;}\" style=\"cursor: pointer\" class=\"elementor-element elementor-element-d9e5726 e-con-full animated-slow e-flex e-con e-child\" data-id=\"d9e5726\" data-element_type=\"container\" data-settings=\"{&quot;animation&quot;:&quot;none&quot;,&quot;_ha_eqh_enable&quot;:false}\">\n\t\t<div class=\"elementor-element elementor-element-fd8bfb8 e-con-full e-flex e-con e-child\" data-id=\"fd8bfb8\" data-element_type=\"container\" data-settings=\"{&quot;_ha_eqh_enable&quot;:false}\">\n\t\t\t\t<div class=\"elementor-element elementor-element-bb87a93 elementor-widget elementor-widget-heading\" data-id=\"bb87a93\" data-element_type=\"widget\" data-widget_type=\"heading.default\">\n\t\t\t\t<div class=\"elementor-widget-container\">\n\t\t\t\t\t<h2 class=\"elementor-heading-title elementor-size-default\">Partners<\/h2>\t\t\t\t<\/div>\n\t\t\t\t<\/div>\n\t\t\t\t<\/div>\n\t\t<div class=\"elementor-element elementor-element-98b8afb e-con-full e-flex e-con e-child\" data-id=\"98b8afb\" data-element_type=\"container\" data-settings=\"{&quot;_ha_eqh_enable&quot;:false}\">\n\t\t\t\t<div class=\"elementor-element elementor-element-596ee0f elementor-view-default elementor-widget elementor-widget-icon\" data-id=\"596ee0f\" data-element_type=\"widget\" data-widget_type=\"icon.default\">\n\t\t\t\t<div class=\"elementor-widget-container\">\n\t\t\t\t\t\t\t<div class=\"elementor-icon-wrapper\">\n\t\t\t<div class=\"elementor-icon\">\n\t\t\t<svg xmlns=\"http:\/\/www.w3.org\/2000\/svg\" width=\"56\" height=\"49\" viewbox=\"0 0 56 49\" fill=\"none\"><path d=\"M31.3368 49L24.4698 41.9863L36.753 29.5922H0V19.4078H36.753L24.4698 7.01373L31.3368 0L56 24.5L31.3368 49Z\" fill=\"black\"><\/path><\/svg>\t\t\t<\/div>\n\t\t<\/div>\n\t\t\t\t\t\t<\/div>\n\t\t\t\t<\/div>\n\t\t\t\t<\/div>\n\t\t\t\t<\/div>\n\t\t\t\t\t<\/div>\n\t\t\t\t<\/div>\n\t\t\t\t<\/div>","protected":false},"excerpt":{"rendered":"<p>Promotor A Kilt \u00e9 uma ag\u00eancia de artistas, respons\u00e1vel pela gest\u00e3o de carreira de D\u00e1rio Guerreiro, Diogo Bat\u00e1guas, Guilherme Geirinhas, Rodrigo Correia, Luana do Bem, Manel Rosa,Tiago Almeida e V\u00edtor S\u00e1. Em paralelo, \u00e9 refer\u00eancia na produ\u00e7\u00e3o audiovisual, sendo respons\u00e1vel por conte\u00fados medi\u00e1ticos e virais como &#8220;O Resto da Tua Vida&#8221;, &#8220;Vai Correr Tudo Bem&#8221;, [&hellip;]<\/p>","protected":false},"author":4,"featured_media":0,"parent":0,"menu_order":0,"comment_status":"closed","ping_status":"closed","template":"elementor_header_footer","meta":{"footnotes":""},"class_list":["post-4055","page","type-page","status-publish","hentry"],"yoast_head":"<!-- This site is optimized with the Yoast SEO plugin v25.0 - https:\/\/yoast.com\/wordpress\/plugins\/seo\/ -->\n<title>Promotores | MockFest Lisboa<\/title>\n<meta name=\"description\" content=\"A Kilt \u00e9 uma ag\u00eancia de artistas, respons\u00e1vel pela gest\u00e3o de carreira de D\u00e1rio Guerreiro, Diogo Bat\u00e1guas, Guilherme Geirinhas, Rodrigo Correia, Luana do Bem, Manel Rosa,Tiago Almeida e V\u00edtor S\u00e1.\" \/>\n<meta name=\"robots\" content=\"index, follow, max-snippet:-1, max-image-preview:large, max-video-preview:-1\" \/>\n<link rel=\"canonical\" href=\"https:\/\/mockfest.pt\/en\/promotor\/\" \/>\n<meta property=\"og:locale\" content=\"en_GB\" \/>\n<meta property=\"og:type\" content=\"article\" \/>\n<meta property=\"og:title\" content=\"Promotores | MockFest Lisboa\" \/>\n<meta property=\"og:description\" content=\"A Kilt \u00e9 uma ag\u00eancia de artistas, respons\u00e1vel pela gest\u00e3o de carreira de D\u00e1rio Guerreiro, Diogo Bat\u00e1guas, Guilherme Geirinhas, Rodrigo Correia, Luana do Bem, Manel Rosa,Tiago Almeida e V\u00edtor S\u00e1.\" \/>\n<meta property=\"og:url\" content=\"https:\/\/mockfest.pt\/en\/promotor\/\" \/>\n<meta property=\"og:site_name\" content=\"Worten Mock Fest\" \/>\n<meta property=\"article:modified_time\" content=\"2026-04-27T11:11:00+00:00\" \/>\n<meta property=\"og:image\" content=\"https:\/\/mockfest.pt\/wp-content\/uploads\/2026\/01\/Group-32.png\" \/>\n<meta name=\"twitter:card\" content=\"summary_large_image\" \/>\n<meta name=\"twitter:label1\" content=\"Estimated reading time\" \/>\n\t<meta name=\"twitter:data1\" content=\"1 minute\" \/>\n<!-- \/ Yoast SEO plugin. -->","yoast_head_json":{"title":"Promotores | MockFest Lisboa","description":"A Kilt \u00e9 uma ag\u00eancia de artistas, respons\u00e1vel pela gest\u00e3o de carreira de D\u00e1rio Guerreiro, Diogo Bat\u00e1guas, Guilherme Geirinhas, Rodrigo Correia, Luana do Bem, Manel Rosa,Tiago Almeida e V\u00edtor S\u00e1.","robots":{"index":"index","follow":"follow","max-snippet":"max-snippet:-1","max-image-preview":"max-image-preview:large","max-video-preview":"max-video-preview:-1"},"canonical":"https:\/\/mockfest.pt\/en\/promotor\/","og_locale":"en_GB","og_type":"article","og_title":"Promotores | MockFest Lisboa","og_description":"A Kilt \u00e9 uma ag\u00eancia de artistas, respons\u00e1vel pela gest\u00e3o de carreira de D\u00e1rio Guerreiro, Diogo Bat\u00e1guas, Guilherme Geirinhas, Rodrigo Correia, Luana do Bem, Manel Rosa,Tiago Almeida e V\u00edtor S\u00e1.","og_url":"https:\/\/mockfest.pt\/en\/promotor\/","og_site_name":"Worten Mock Fest","article_modified_time":"2026-04-27T11:11:00+00:00","og_image":[{"url":"https:\/\/mockfest.pt\/wp-content\/uploads\/2026\/01\/Group-32.png","type":"","width":"","height":""}],"twitter_card":"summary_large_image","twitter_misc":{"Estimated reading time":"1 minute"},"schema":{"@context":"https:\/\/schema.org","@graph":[{"@type":"WebPage","@id":"https:\/\/mockfest.pt\/promotor\/","url":"https:\/\/mockfest.pt\/promotor\/","name":"Promotores | MockFest Lisboa","isPartOf":{"@id":"https:\/\/mockfest.pt\/#website"},"primaryImageOfPage":{"@id":"https:\/\/mockfest.pt\/promotor\/#primaryimage"},"image":{"@id":"https:\/\/mockfest.pt\/promotor\/#primaryimage"},"thumbnailUrl":"https:\/\/mockfest.pt\/wp-content\/uploads\/2026\/01\/Group-32.png","datePublished":"2026-01-25T09:30:22+00:00","dateModified":"2026-04-27T11:11:00+00:00","description":"A Kilt \u00e9 uma ag\u00eancia de artistas, respons\u00e1vel pela gest\u00e3o de carreira de D\u00e1rio Guerreiro, Diogo Bat\u00e1guas, Guilherme Geirinhas, Rodrigo Correia, Luana do Bem, Manel Rosa,Tiago Almeida e V\u00edtor S\u00e1.","breadcrumb":{"@id":"https:\/\/mockfest.pt\/promotor\/#breadcrumb"},"inLanguage":"en-GB","potentialAction":[{"@type":"ReadAction","target":["https:\/\/mockfest.pt\/promotor\/"]}]},{"@type":"ImageObject","inLanguage":"en-GB","@id":"https:\/\/mockfest.pt\/promotor\/#primaryimage","url":"https:\/\/mockfest.pt\/wp-content\/uploads\/2026\/01\/Group-32.png","contentUrl":"https:\/\/mockfest.pt\/wp-content\/uploads\/2026\/01\/Group-32.png"},{"@type":"BreadcrumbList","@id":"https:\/\/mockfest.pt\/promotor\/#breadcrumb","itemListElement":[{"@type":"ListItem","position":1,"name":"Home","item":"https:\/\/mockfest.pt\/"},{"@type":"ListItem","position":2,"name":"Promotor"}]},{"@type":"WebSite","@id":"https:\/\/mockfest.pt\/#website","url":"https:\/\/mockfest.pt\/","name":"Worten Mock Fest","description":"","publisher":{"@id":"https:\/\/mockfest.pt\/#organization"},"potentialAction":[{"@type":"SearchAction","target":{"@type":"EntryPoint","urlTemplate":"https:\/\/mockfest.pt\/?s={search_term_string}"},"query-input":{"@type":"PropertyValueSpecification","valueRequired":true,"valueName":"search_term_string"}}],"inLanguage":"en-GB"},{"@type":"Organization","@id":"https:\/\/mockfest.pt\/#organization","name":"Worten Mock Fest","url":"https:\/\/mockfest.pt\/","logo":{"@type":"ImageObject","inLanguage":"en-GB","@id":"https:\/\/mockfest.pt\/#\/schema\/logo\/image\/","url":"https:\/\/mockfest.pt\/wp-content\/uploads\/2025\/05\/logo-final.png","contentUrl":"https:\/\/mockfest.pt\/wp-content\/uploads\/2025\/05\/logo-final.png","width":442,"height":206,"caption":"Worten Mock Fest"},"image":{"@id":"https:\/\/mockfest.pt\/#\/schema\/logo\/image\/"}}]}},"_links":{"self":[{"href":"https:\/\/mockfest.pt\/en\/wp-json\/wp\/v2\/pages\/4055","targetHints":{"allow":["GET"]}}],"collection":[{"href":"https:\/\/mockfest.pt\/en\/wp-json\/wp\/v2\/pages"}],"about":[{"href":"https:\/\/mockfest.pt\/en\/wp-json\/wp\/v2\/types\/page"}],"author":[{"embeddable":true,"href":"https:\/\/mockfest.pt\/en\/wp-json\/wp\/v2\/users\/4"}],"replies":[{"embeddable":true,"href":"https:\/\/mockfest.pt\/en\/wp-json\/wp\/v2\/comments?post=4055"}],"version-history":[{"count":38,"href":"https:\/\/mockfest.pt\/en\/wp-json\/wp\/v2\/pages\/4055\/revisions"}],"predecessor-version":[{"id":5136,"href":"https:\/\/mockfest.pt\/en\/wp-json\/wp\/v2\/pages\/4055\/revisions\/5136"}],"wp:attachment":[{"href":"https:\/\/mockfest.pt\/en\/wp-json\/wp\/v2\/media?parent=4055"}],"curies":[{"name":"wp","href":"https:\/\/api.w.org\/{rel}","templated":true}]}}