{"id":4429,"date":"2026-01-25T09:30:14","date_gmt":"2026-01-25T09:30:14","guid":{"rendered":"https:\/\/mockfest.pt\/?page_id=4429"},"modified":"2026-02-28T17:22:24","modified_gmt":"2026-02-28T17:22:24","slug":"localizacao","status":"publish","type":"page","link":"https:\/\/mockfest.pt\/en\/localizacao\/","title":{"rendered":"Location"},"content":{"rendered":"<div data-elementor-type=\"wp-page\" data-elementor-id=\"4429\" class=\"elementor elementor-4429\" data-elementor-settings=\"{&quot;ha_cmc_init_switcher&quot;:&quot;no&quot;}\" data-elementor-post-type=\"page\">\n\t\t\t\t<div class=\"elementor-element elementor-element-033c7d5 e-flex e-con-boxed e-con e-parent\" data-id=\"033c7d5\" data-element_type=\"container\" data-settings=\"{&quot;_ha_eqh_enable&quot;:false}\">\n\t\t\t\t\t<div class=\"e-con-inner\">\n\t\t<div class=\"elementor-element elementor-element-e5d7755 e-flex e-con-boxed e-con e-child\" data-id=\"e5d7755\" data-element_type=\"container\" data-settings=\"{&quot;_ha_eqh_enable&quot;:false}\">\n\t\t\t\t\t<div class=\"e-con-inner\">\n\t\t<div class=\"elementor-element elementor-element-c53e8f8 e-con-full e-flex e-con e-child\" data-id=\"c53e8f8\" data-element_type=\"container\" data-settings=\"{&quot;_ha_eqh_enable&quot;:false}\">\n\t\t\t\t<div class=\"elementor-element elementor-element-2e1395d animated-slow elementor-invisible elementor-widget elementor-widget-text-editor\" data-id=\"2e1395d\" data-element_type=\"widget\" data-settings=\"{&quot;_animation&quot;:&quot;fadeIn&quot;}\" data-widget_type=\"text-editor.default\">\n\t\t\t\t<div class=\"elementor-widget-container\">\n\t\t\t\t\t\t\t\t\t<p>Location<\/p>\t\t\t\t\t\t\t\t<\/div>\n\t\t\t\t<\/div>\n\t\t\t\t<\/div>\n\t\t<div class=\"elementor-element elementor-element-e791724 e-con-full elementor-hidden-mobile e-flex elementor-invisible e-con e-child\" data-id=\"e791724\" data-element_type=\"container\" data-settings=\"{&quot;background_background&quot;:&quot;classic&quot;,&quot;animation&quot;:&quot;fadeInRight&quot;,&quot;_ha_eqh_enable&quot;:false}\">\n\t\t\t\t<div class=\"elementor-element elementor-element-6ac3401 elementor-widget elementor-widget-spacer\" data-id=\"6ac3401\" data-element_type=\"widget\" data-widget_type=\"spacer.default\">\n\t\t\t\t<div class=\"elementor-widget-container\">\n\t\t\t\t\t\t\t<div class=\"elementor-spacer\">\n\t\t\t<div class=\"elementor-spacer-inner\"><\/div>\n\t\t<\/div>\n\t\t\t\t\t\t<\/div>\n\t\t\t\t<\/div>\n\t\t\t\t<\/div>\n\t\t\t\t\t<\/div>\n\t\t\t\t<\/div>\n\t\t\t\t\t<\/div>\n\t\t\t\t<\/div>\n\t\t<div class=\"elementor-element elementor-element-f295679 e-flex e-con-boxed e-con e-parent\" data-id=\"f295679\" data-element_type=\"container\" data-settings=\"{&quot;_ha_eqh_enable&quot;:false}\">\n\t\t\t\t\t<div class=\"e-con-inner\">\n\t\t<div class=\"elementor-element elementor-element-4520c8f e-con-full e-flex e-con e-child\" data-id=\"4520c8f\" data-element_type=\"container\" data-settings=\"{&quot;background_background&quot;:&quot;classic&quot;,&quot;_ha_eqh_enable&quot;:false}\">\n\t\t<div class=\"elementor-element elementor-element-4de7b22 e-con-full e-flex e-con e-child\" data-id=\"4de7b22\" data-element_type=\"container\" data-settings=\"{&quot;_ha_eqh_enable&quot;:false}\">\n\t\t\t\t<div class=\"elementor-element elementor-element-7066fc0 elementor-widget elementor-widget-image\" data-id=\"7066fc0\" data-element_type=\"widget\" data-widget_type=\"image.default\">\n\t\t\t\t<div class=\"elementor-widget-container\">\n\t\t\t\t\t\t\t\t\t\t\t\t\t\t\t<img fetchpriority=\"high\" decoding=\"async\" width=\"2560\" height=\"2481\" src=\"https:\/\/mockfest.pt\/wp-content\/uploads\/2026\/02\/Rectangle-76-scaled.png\" class=\"attachment-full size-full wp-image-4992\" alt=\"\" srcset=\"https:\/\/mockfest.pt\/wp-content\/uploads\/2026\/02\/Rectangle-76-scaled.png 2560w, https:\/\/mockfest.pt\/wp-content\/uploads\/2026\/02\/Rectangle-76-300x291.png 300w, https:\/\/mockfest.pt\/wp-content\/uploads\/2026\/02\/Rectangle-76-1024x992.png 1024w, https:\/\/mockfest.pt\/wp-content\/uploads\/2026\/02\/Rectangle-76-768x744.png 768w, https:\/\/mockfest.pt\/wp-content\/uploads\/2026\/02\/Rectangle-76-1536x1488.png 1536w, https:\/\/mockfest.pt\/wp-content\/uploads\/2026\/02\/Rectangle-76-2048x1985.png 2048w, https:\/\/mockfest.pt\/wp-content\/uploads\/2026\/02\/Rectangle-76-12x12.png 12w\" sizes=\"(max-width: 2560px) 100vw, 2560px\" \/>\t\t\t\t\t\t\t\t\t\t\t\t\t\t\t<\/div>\n\t\t\t\t<\/div>\n\t\t\t\t<\/div>\n\t\t<div class=\"elementor-element elementor-element-fb6f857 e-con-full e-flex e-con e-child\" data-id=\"fb6f857\" data-element_type=\"container\" data-settings=\"{&quot;_ha_eqh_enable&quot;:false}\">\n\t\t\t\t<div class=\"elementor-element elementor-element-2c0bacb animated-slow elementor-widget__width-inherit elementor-invisible elementor-widget elementor-widget-text-editor\" data-id=\"2c0bacb\" data-element_type=\"widget\" data-settings=\"{&quot;_animation&quot;:&quot;fadeIn&quot;}\" data-widget_type=\"text-editor.default\">\n\t\t\t\t<div class=\"elementor-widget-container\">\n\t\t\t\t\t\t\t\t\t<p>Cinema S\u00e3o Jorge<\/p>\t\t\t\t\t\t\t\t<\/div>\n\t\t\t\t<\/div>\n\t\t\t\t<div class=\"elementor-element elementor-element-6549294 elementor-widget__width-inherit elementor-invisible elementor-widget elementor-widget-text-editor\" data-id=\"6549294\" data-element_type=\"widget\" data-settings=\"{&quot;_animation&quot;:&quot;fadeIn&quot;}\" data-widget_type=\"text-editor.default\">\n\t\t\t\t<div class=\"elementor-widget-container\">\n\t\t\t\t\t\t\t\t\t<p>How to get there<\/p>\t\t\t\t\t\t\t\t<\/div>\n\t\t\t\t<\/div>\n\t\t\t\t<div class=\"elementor-element elementor-element-f7ea233 elementor-widget__width-inherit elementor-invisible elementor-widget elementor-widget-text-editor\" data-id=\"f7ea233\" data-element_type=\"widget\" data-settings=\"{&quot;_animation&quot;:&quot;fadeIn&quot;}\" data-widget_type=\"text-editor.default\">\n\t\t\t\t<div class=\"elementor-widget-container\">\n\t\t\t\t\t\t\t\t\t<p>Bus \u2192 709, 711, 732, 736,<br \/>Aerobus \/\/ Metro \u2192 Blue Line (Esta\u00e7\u00e3o Avenida) <br \/>Parking \u2192 Parque Mayer, Marqu\u00eas de Pombal, Restauradores<\/p>\t\t\t\t\t\t\t\t<\/div>\n\t\t\t\t<\/div>\n\t\t\t\t<div class=\"elementor-element elementor-element-1300075 elementor-widget__width-inherit elementor-invisible elementor-widget elementor-widget-button\" data-id=\"1300075\" data-element_type=\"widget\" data-settings=\"{&quot;_animation&quot;:&quot;fadeIn&quot;}\" data-widget_type=\"button.default\">\n\t\t\t\t<div class=\"elementor-widget-container\">\n\t\t\t\t\t\t\t\t\t<div class=\"elementor-button-wrapper\">\n\t\t\t\t\t<a class=\"elementor-button elementor-button-link elementor-size-sm\" href=\"https:\/\/maps.app.goo.gl\/MogsAjqTBTs1U6PG9\">\n\t\t\t\t\t\t<span class=\"elementor-button-content-wrapper\">\n\t\t\t\t\t\t<span class=\"elementor-button-icon\">\n\t\t\t\t<svg xmlns=\"http:\/\/www.w3.org\/2000\/svg\" width=\"10\" height=\"15\" viewbox=\"0 0 10 15\" fill=\"none\"><path d=\"M1.40489e-06 1.66605L1.90476 0L10 7.0807L8.09524 8.74675L1.40489e-06 1.66605Z\" fill=\"black\"><\/path><path d=\"M8.09524 5.40419L10 7.07024L1.90476 14.1509L0 12.4849L8.09524 5.40419Z\" fill=\"black\"><\/path><\/svg>\t\t\t<\/span>\n\t\t\t\t\t\t\t\t\t<span class=\"elementor-button-text\">View on Map<\/span>\n\t\t\t\t\t<\/span>\n\t\t\t\t\t<\/a>\n\t\t\t\t<\/div>\n\t\t\t\t\t\t\t\t<\/div>\n\t\t\t\t<\/div>\n\t\t\t\t<\/div>\n\t\t\t\t<\/div>\n\t\t\t\t\t<\/div>\n\t\t\t\t<\/div>\n\t\t<div class=\"elementor-element elementor-element-926468f e-flex e-con-boxed e-con e-parent\" data-id=\"926468f\" data-element_type=\"container\" data-settings=\"{&quot;_ha_eqh_enable&quot;:false}\">\n\t\t\t\t\t<div class=\"e-con-inner\">\n\t\t<div class=\"elementor-element elementor-element-b2ca3b6 e-flex e-con-boxed e-con e-child\" data-id=\"b2ca3b6\" data-element_type=\"container\" data-settings=\"{&quot;background_background&quot;:&quot;classic&quot;,&quot;_ha_eqh_enable&quot;:false}\">\n\t\t\t\t\t<div class=\"e-con-inner\">\n\t\t<div class=\"elementor-element elementor-element-9e66937 e-con-full e-flex elementor-invisible e-con e-child\" data-id=\"9e66937\" data-element_type=\"container\" data-settings=\"{&quot;background_background&quot;:&quot;classic&quot;,&quot;animation&quot;:&quot;fadeInLeft&quot;,&quot;_ha_eqh_enable&quot;:false}\">\n\t\t\t\t<div class=\"elementor-element elementor-element-502cd61 elementor-widget elementor-widget-spacer\" data-id=\"502cd61\" data-element_type=\"widget\" data-widget_type=\"spacer.default\">\n\t\t\t\t<div class=\"elementor-widget-container\">\n\t\t\t\t\t\t\t<div class=\"elementor-spacer\">\n\t\t\t<div class=\"elementor-spacer-inner\"><\/div>\n\t\t<\/div>\n\t\t\t\t\t\t<\/div>\n\t\t\t\t<\/div>\n\t\t\t\t<\/div>\n\t\t<div class=\"elementor-element elementor-element-e767929 e-con-full e-flex e-con e-child\" data-id=\"e767929\" data-element_type=\"container\" data-settings=\"{&quot;_ha_eqh_enable&quot;:false}\">\n\t\t\t\t<div class=\"elementor-element elementor-element-97523c8 elementor-widget elementor-widget-spacer\" data-id=\"97523c8\" data-element_type=\"widget\" data-widget_type=\"spacer.default\">\n\t\t\t\t<div class=\"elementor-widget-container\">\n\t\t\t\t\t\t\t<div class=\"elementor-spacer\">\n\t\t\t<div class=\"elementor-spacer-inner\"><\/div>\n\t\t<\/div>\n\t\t\t\t\t\t<\/div>\n\t\t\t\t<\/div>\n\t\t\t\t<\/div>\n\t\t\t\t\t<\/div>\n\t\t\t\t<\/div>\n\t\t\t\t\t<\/div>\n\t\t\t\t<\/div>\n\t\t<div class=\"elementor-element elementor-element-53d40b8 e-flex e-con-boxed e-con e-parent\" data-id=\"53d40b8\" data-element_type=\"container\" data-settings=\"{&quot;_ha_eqh_enable&quot;:false}\">\n\t\t\t\t\t<div class=\"e-con-inner\">\n\t\t<div data-ha-element-link=\"{&quot;url&quot;:&quot;https:\\\/\\\/mockfest.pt\\\/en\\\/sobre-o-festival\\\/&quot;,&quot;is_external&quot;:&quot;&quot;,&quot;nofollow&quot;:&quot;&quot;}\" style=\"cursor: pointer\" class=\"elementor-element elementor-element-de5617f e-con-full animated-slow e-flex e-con e-child\" data-id=\"de5617f\" data-element_type=\"container\" data-settings=\"{&quot;animation&quot;:&quot;none&quot;,&quot;_ha_eqh_enable&quot;:false}\">\n\t\t<div class=\"elementor-element elementor-element-05b2e71 e-con-full e-flex e-con e-child\" data-id=\"05b2e71\" data-element_type=\"container\" data-settings=\"{&quot;_ha_eqh_enable&quot;:false}\">\n\t\t\t\t<div class=\"elementor-element elementor-element-4639093 elementor-widget elementor-widget-heading\" data-id=\"4639093\" data-element_type=\"widget\" data-widget_type=\"heading.default\">\n\t\t\t\t<div class=\"elementor-widget-container\">\n\t\t\t\t\t<h2 class=\"elementor-heading-title elementor-size-default\">About the Festival<\/h2>\t\t\t\t<\/div>\n\t\t\t\t<\/div>\n\t\t\t\t<\/div>\n\t\t<div class=\"elementor-element elementor-element-05aab88 e-con-full e-flex e-con e-child\" data-id=\"05aab88\" data-element_type=\"container\" data-settings=\"{&quot;_ha_eqh_enable&quot;:false}\">\n\t\t\t\t<div class=\"elementor-element elementor-element-b0017be elementor-view-default elementor-widget elementor-widget-icon\" data-id=\"b0017be\" data-element_type=\"widget\" data-widget_type=\"icon.default\">\n\t\t\t\t<div class=\"elementor-widget-container\">\n\t\t\t\t\t\t\t<div class=\"elementor-icon-wrapper\">\n\t\t\t<div class=\"elementor-icon\">\n\t\t\t<svg xmlns=\"http:\/\/www.w3.org\/2000\/svg\" width=\"56\" height=\"49\" viewbox=\"0 0 56 49\" fill=\"none\"><path d=\"M31.3368 49L24.4698 41.9863L36.753 29.5922H0V19.4078H36.753L24.4698 7.01373L31.3368 0L56 24.5L31.3368 49Z\" fill=\"black\"><\/path><\/svg>\t\t\t<\/div>\n\t\t<\/div>\n\t\t\t\t\t\t<\/div>\n\t\t\t\t<\/div>\n\t\t\t\t<\/div>\n\t\t\t\t<\/div>\n\t\t<div data-ha-element-link=\"{&quot;url&quot;:&quot;https:\\\/\\\/mockfest.pt\\\/en\\\/promotor\\\/&quot;,&quot;is_external&quot;:&quot;&quot;,&quot;nofollow&quot;:&quot;&quot;}\" style=\"cursor: pointer\" class=\"elementor-element elementor-element-3abc483 e-con-full animated-slow e-flex e-con e-child\" data-id=\"3abc483\" data-element_type=\"container\" data-settings=\"{&quot;animation&quot;:&quot;none&quot;,&quot;_ha_eqh_enable&quot;:false}\">\n\t\t<div class=\"elementor-element elementor-element-b9718fb e-con-full e-flex e-con e-child\" data-id=\"b9718fb\" data-element_type=\"container\" data-settings=\"{&quot;_ha_eqh_enable&quot;:false}\">\n\t\t\t\t<div class=\"elementor-element elementor-element-708c87e elementor-widget elementor-widget-heading\" data-id=\"708c87e\" data-element_type=\"widget\" data-widget_type=\"heading.default\">\n\t\t\t\t<div class=\"elementor-widget-container\">\n\t\t\t\t\t<h2 class=\"elementor-heading-title elementor-size-default\">Promoter<\/h2>\t\t\t\t<\/div>\n\t\t\t\t<\/div>\n\t\t\t\t<\/div>\n\t\t<div class=\"elementor-element elementor-element-d416a23 e-con-full e-flex e-con e-child\" data-id=\"d416a23\" data-element_type=\"container\" data-settings=\"{&quot;_ha_eqh_enable&quot;:false}\">\n\t\t\t\t<div class=\"elementor-element elementor-element-6f67459 elementor-view-default elementor-widget elementor-widget-icon\" data-id=\"6f67459\" data-element_type=\"widget\" data-widget_type=\"icon.default\">\n\t\t\t\t<div class=\"elementor-widget-container\">\n\t\t\t\t\t\t\t<div class=\"elementor-icon-wrapper\">\n\t\t\t<div class=\"elementor-icon\">\n\t\t\t<svg xmlns=\"http:\/\/www.w3.org\/2000\/svg\" width=\"56\" height=\"49\" viewbox=\"0 0 56 49\" fill=\"none\"><path d=\"M31.3368 49L24.4698 41.9863L36.753 29.5922H0V19.4078H36.753L24.4698 7.01373L31.3368 0L56 24.5L31.3368 49Z\" fill=\"black\"><\/path><\/svg>\t\t\t<\/div>\n\t\t<\/div>\n\t\t\t\t\t\t<\/div>\n\t\t\t\t<\/div>\n\t\t\t\t<\/div>\n\t\t\t\t<\/div>\n\t\t<div data-ha-element-link=\"{&quot;url&quot;:&quot;https:\\\/\\\/mockfest.pt\\\/en\\\/parceiros\\\/&quot;,&quot;is_external&quot;:&quot;&quot;,&quot;nofollow&quot;:&quot;&quot;}\" style=\"cursor: pointer\" class=\"elementor-element elementor-element-d9e5726 e-con-full animated-slow e-flex e-con e-child\" data-id=\"d9e5726\" data-element_type=\"container\" data-settings=\"{&quot;animation&quot;:&quot;none&quot;,&quot;_ha_eqh_enable&quot;:false}\">\n\t\t<div class=\"elementor-element elementor-element-fd8bfb8 e-con-full e-flex e-con e-child\" data-id=\"fd8bfb8\" data-element_type=\"container\" data-settings=\"{&quot;_ha_eqh_enable&quot;:false}\">\n\t\t\t\t<div class=\"elementor-element elementor-element-bb87a93 elementor-widget elementor-widget-heading\" data-id=\"bb87a93\" data-element_type=\"widget\" data-widget_type=\"heading.default\">\n\t\t\t\t<div class=\"elementor-widget-container\">\n\t\t\t\t\t<h2 class=\"elementor-heading-title elementor-size-default\">Partners<\/h2>\t\t\t\t<\/div>\n\t\t\t\t<\/div>\n\t\t\t\t<\/div>\n\t\t<div class=\"elementor-element elementor-element-98b8afb e-con-full e-flex e-con e-child\" data-id=\"98b8afb\" data-element_type=\"container\" data-settings=\"{&quot;_ha_eqh_enable&quot;:false}\">\n\t\t\t\t<div class=\"elementor-element elementor-element-596ee0f elementor-view-default elementor-widget elementor-widget-icon\" data-id=\"596ee0f\" data-element_type=\"widget\" data-widget_type=\"icon.default\">\n\t\t\t\t<div class=\"elementor-widget-container\">\n\t\t\t\t\t\t\t<div class=\"elementor-icon-wrapper\">\n\t\t\t<div class=\"elementor-icon\">\n\t\t\t<svg xmlns=\"http:\/\/www.w3.org\/2000\/svg\" width=\"56\" height=\"49\" viewbox=\"0 0 56 49\" fill=\"none\"><path d=\"M31.3368 49L24.4698 41.9863L36.753 29.5922H0V19.4078H36.753L24.4698 7.01373L31.3368 0L56 24.5L31.3368 49Z\" fill=\"black\"><\/path><\/svg>\t\t\t<\/div>\n\t\t<\/div>\n\t\t\t\t\t\t<\/div>\n\t\t\t\t<\/div>\n\t\t\t\t<\/div>\n\t\t\t\t<\/div>\n\t\t\t\t\t<\/div>\n\t\t\t\t<\/div>\n\t\t\t\t<\/div>","protected":false},"excerpt":{"rendered":"<p>Localiza\u00e7\u00e3o Cinema S\u00e3o Jorge Como Chegar Autocarros \u2192 709, 711, 732, 736,Aerobus \/\/ Metro \u2192 Linha Azul (Esta\u00e7\u00e3o Avenida) Estacionamento\u2192 Parque Mayer, Marqu\u00eas de Pombal, Restauradores Ver no Mapa Sobre o Festival Promotor Parceiros<\/p>","protected":false},"author":4,"featured_media":0,"parent":0,"menu_order":0,"comment_status":"closed","ping_status":"closed","template":"elementor_header_footer","meta":{"footnotes":""},"class_list":["post-4429","page","type-page","status-publish","hentry"],"yoast_head":"<!-- This site is optimized with the Yoast SEO plugin v25.0 - https:\/\/yoast.com\/wordpress\/plugins\/seo\/ -->\n<title>Promotores | MockFest Lisboa<\/title>\n<meta name=\"description\" content=\"A Kilt \u00e9 uma ag\u00eancia de artistas, respons\u00e1vel pela gest\u00e3o de carreira de D\u00e1rio Guerreiro, Diogo Bat\u00e1guas, Guilherme Geirinhas, Jo\u00e3o Pedro Pereira, Luana do Bem, Manel Rosa,Tiago Almeida e V\u00edtor S\u00e1.\" \/>\n<meta name=\"robots\" content=\"index, follow, max-snippet:-1, max-image-preview:large, max-video-preview:-1\" \/>\n<link rel=\"canonical\" href=\"https:\/\/mockfest.pt\/en\/localizacao\/\" \/>\n<meta property=\"og:locale\" content=\"en_GB\" \/>\n<meta property=\"og:type\" content=\"article\" \/>\n<meta property=\"og:title\" content=\"Promotores | MockFest Lisboa\" \/>\n<meta property=\"og:description\" content=\"A Kilt \u00e9 uma ag\u00eancia de artistas, respons\u00e1vel pela gest\u00e3o de carreira de D\u00e1rio Guerreiro, Diogo Bat\u00e1guas, Guilherme Geirinhas, Jo\u00e3o Pedro Pereira, Luana do Bem, Manel Rosa,Tiago Almeida e V\u00edtor S\u00e1.\" \/>\n<meta property=\"og:url\" content=\"https:\/\/mockfest.pt\/en\/localizacao\/\" \/>\n<meta property=\"og:site_name\" content=\"Worten Mock Fest\" \/>\n<meta property=\"article:modified_time\" content=\"2026-02-28T17:22:24+00:00\" \/>\n<meta property=\"og:image\" content=\"https:\/\/mockfest.pt\/wp-content\/uploads\/2026\/02\/Rectangle-76-1024x992.png\" \/>\n\t<meta property=\"og:image:width\" content=\"1024\" \/>\n\t<meta property=\"og:image:height\" content=\"992\" \/>\n\t<meta property=\"og:image:type\" content=\"image\/png\" \/>\n<meta name=\"twitter:card\" content=\"summary_large_image\" \/>\n<meta name=\"twitter:label1\" content=\"Estimated reading time\" \/>\n\t<meta name=\"twitter:data1\" content=\"1 minute\" \/>\n<!-- \/ Yoast SEO plugin. -->","yoast_head_json":{"title":"Promotores | MockFest Lisboa","description":"A Kilt \u00e9 uma ag\u00eancia de artistas, respons\u00e1vel pela gest\u00e3o de carreira de D\u00e1rio Guerreiro, Diogo Bat\u00e1guas, Guilherme Geirinhas, Jo\u00e3o Pedro Pereira, Luana do Bem, Manel Rosa,Tiago Almeida e V\u00edtor S\u00e1.","robots":{"index":"index","follow":"follow","max-snippet":"max-snippet:-1","max-image-preview":"max-image-preview:large","max-video-preview":"max-video-preview:-1"},"canonical":"https:\/\/mockfest.pt\/en\/localizacao\/","og_locale":"en_GB","og_type":"article","og_title":"Promotores | MockFest Lisboa","og_description":"A Kilt \u00e9 uma ag\u00eancia de artistas, respons\u00e1vel pela gest\u00e3o de carreira de D\u00e1rio Guerreiro, Diogo Bat\u00e1guas, Guilherme Geirinhas, Jo\u00e3o Pedro Pereira, Luana do Bem, Manel Rosa,Tiago Almeida e V\u00edtor S\u00e1.","og_url":"https:\/\/mockfest.pt\/en\/localizacao\/","og_site_name":"Worten Mock Fest","article_modified_time":"2026-02-28T17:22:24+00:00","og_image":[{"width":1024,"height":992,"url":"https:\/\/mockfest.pt\/wp-content\/uploads\/2026\/02\/Rectangle-76-1024x992.png","type":"image\/png"}],"twitter_card":"summary_large_image","twitter_misc":{"Estimated reading time":"1 minute"},"schema":{"@context":"https:\/\/schema.org","@graph":[{"@type":"WebPage","@id":"https:\/\/mockfest.pt\/localizacao\/","url":"https:\/\/mockfest.pt\/localizacao\/","name":"Promotores | MockFest Lisboa","isPartOf":{"@id":"https:\/\/mockfest.pt\/#website"},"primaryImageOfPage":{"@id":"https:\/\/mockfest.pt\/localizacao\/#primaryimage"},"image":{"@id":"https:\/\/mockfest.pt\/localizacao\/#primaryimage"},"thumbnailUrl":"https:\/\/mockfest.pt\/wp-content\/uploads\/2026\/02\/Rectangle-76-scaled.png","datePublished":"2026-01-25T09:30:14+00:00","dateModified":"2026-02-28T17:22:24+00:00","description":"A Kilt \u00e9 uma ag\u00eancia de artistas, respons\u00e1vel pela gest\u00e3o de carreira de D\u00e1rio Guerreiro, Diogo Bat\u00e1guas, Guilherme Geirinhas, Jo\u00e3o Pedro Pereira, Luana do Bem, Manel Rosa,Tiago Almeida e V\u00edtor S\u00e1.","breadcrumb":{"@id":"https:\/\/mockfest.pt\/localizacao\/#breadcrumb"},"inLanguage":"en-GB","potentialAction":[{"@type":"ReadAction","target":["https:\/\/mockfest.pt\/localizacao\/"]}]},{"@type":"ImageObject","inLanguage":"en-GB","@id":"https:\/\/mockfest.pt\/localizacao\/#primaryimage","url":"https:\/\/mockfest.pt\/wp-content\/uploads\/2026\/02\/Rectangle-76-scaled.png","contentUrl":"https:\/\/mockfest.pt\/wp-content\/uploads\/2026\/02\/Rectangle-76-scaled.png"},{"@type":"BreadcrumbList","@id":"https:\/\/mockfest.pt\/localizacao\/#breadcrumb","itemListElement":[{"@type":"ListItem","position":1,"name":"Home","item":"https:\/\/mockfest.pt\/"},{"@type":"ListItem","position":2,"name":"Localiza\u00e7\u00e3o"}]},{"@type":"WebSite","@id":"https:\/\/mockfest.pt\/#website","url":"https:\/\/mockfest.pt\/","name":"Worten Mock Fest","description":"","publisher":{"@id":"https:\/\/mockfest.pt\/#organization"},"potentialAction":[{"@type":"SearchAction","target":{"@type":"EntryPoint","urlTemplate":"https:\/\/mockfest.pt\/?s={search_term_string}"},"query-input":{"@type":"PropertyValueSpecification","valueRequired":true,"valueName":"search_term_string"}}],"inLanguage":"en-GB"},{"@type":"Organization","@id":"https:\/\/mockfest.pt\/#organization","name":"Worten Mock Fest","url":"https:\/\/mockfest.pt\/","logo":{"@type":"ImageObject","inLanguage":"en-GB","@id":"https:\/\/mockfest.pt\/#\/schema\/logo\/image\/","url":"https:\/\/mockfest.pt\/wp-content\/uploads\/2025\/05\/logo-final.png","contentUrl":"https:\/\/mockfest.pt\/wp-content\/uploads\/2025\/05\/logo-final.png","width":442,"height":206,"caption":"Worten Mock Fest"},"image":{"@id":"https:\/\/mockfest.pt\/#\/schema\/logo\/image\/"}}]}},"_links":{"self":[{"href":"https:\/\/mockfest.pt\/en\/wp-json\/wp\/v2\/pages\/4429","targetHints":{"allow":["GET"]}}],"collection":[{"href":"https:\/\/mockfest.pt\/en\/wp-json\/wp\/v2\/pages"}],"about":[{"href":"https:\/\/mockfest.pt\/en\/wp-json\/wp\/v2\/types\/page"}],"author":[{"embeddable":true,"href":"https:\/\/mockfest.pt\/en\/wp-json\/wp\/v2\/users\/4"}],"replies":[{"embeddable":true,"href":"https:\/\/mockfest.pt\/en\/wp-json\/wp\/v2\/comments?post=4429"}],"version-history":[{"count":25,"href":"https:\/\/mockfest.pt\/en\/wp-json\/wp\/v2\/pages\/4429\/revisions"}],"predecessor-version":[{"id":4999,"href":"https:\/\/mockfest.pt\/en\/wp-json\/wp\/v2\/pages\/4429\/revisions\/4999"}],"wp:attachment":[{"href":"https:\/\/mockfest.pt\/en\/wp-json\/wp\/v2\/media?parent=4429"}],"curies":[{"name":"wp","href":"https:\/\/api.w.org\/{rel}","templated":true}]}}